{"id":1277,"date":"2022-10-24T17:04:53","date_gmt":"2022-10-24T17:04:53","guid":{"rendered":"https:\/\/plume.ma\/wp\/?page_id=1277"},"modified":"2023-02-10T11:43:15","modified_gmt":"2023-02-10T11:43:15","slug":"production-video-photo","status":"publish","type":"page","link":"https:\/\/plume.ma\/wp\/production-video-photo\/","title":{"rendered":"production video &#038; photo"},"content":{"rendered":"\t\t<div data-elementor-type=\"wp-page\" data-elementor-id=\"1277\" class=\"elementor elementor-1277\" data-elementor-settings=\"[]\">\n\t\t\t\t\t\t\t<div class=\"elementor-section-wrap\">\n\t\t\t\t\t\t\t<section class=\"elementor-section elementor-top-section elementor-element elementor-element-6234c3e elementor-section-boxed elementor-section-height-default elementor-section-height-default\" data-id=\"6234c3e\" data-element_type=\"section\">\n\t\t\t\t\t\t<div class=\"elementor-container elementor-column-gap-no\">\n\t\t\t\t\t<div class=\"elementor-column elementor-col-100 elementor-top-column elementor-element elementor-element-5450b821\" data-id=\"5450b821\" data-element_type=\"column\">\n\t\t\t<div class=\"elementor-widget-wrap elementor-element-populated\">\n\t\t\t\t\t\t\t\t<section class=\"elementor-section elementor-inner-section elementor-element elementor-element-4452ab2 elementor-section-boxed elementor-section-height-default elementor-section-height-default\" data-id=\"4452ab2\" data-element_type=\"section\">\n\t\t\t\t\t\t<div class=\"elementor-container elementor-column-gap-default\">\n\t\t\t\t\t<div class=\"elementor-column elementor-col-100 elementor-inner-column elementor-element elementor-element-c0e4cf6\" data-id=\"c0e4cf6\" data-element_type=\"column\">\n\t\t\t<div class=\"elementor-widget-wrap elementor-element-populated\">\n\t\t\t\t\t\t\t\t<div class=\"elementor-element elementor-element-4c2f825 elementor-widget elementor-widget-image\" data-id=\"4c2f825\" data-element_type=\"widget\" data-widget_type=\"image.default\">\n\t\t\t\t<div class=\"elementor-widget-container\">\n\t\t\t\t\t\t\t\t\t\t\t\t\t\t\t<img loading=\"lazy\" decoding=\"async\" width=\"1024\" height=\"480\" src=\"https:\/\/plume.ma\/wp\/wp-content\/uploads\/2023\/02\/Video-photo.jpg\" class=\"attachment-large size-large\" alt=\"\" srcset=\"https:\/\/plume.ma\/wp\/wp-content\/uploads\/2023\/02\/Video-photo.jpg 1024w, https:\/\/plume.ma\/wp\/wp-content\/uploads\/2023\/02\/Video-photo-300x141.jpg 300w, https:\/\/plume.ma\/wp\/wp-content\/uploads\/2023\/02\/Video-photo-768x360.jpg 768w\" sizes=\"(max-width: 1024px) 100vw, 1024px\" \/>\t\t\t\t\t\t\t\t\t\t\t\t\t\t\t<\/div>\n\t\t\t\t<\/div>\n\t\t\t\t\t<\/div>\n\t\t<\/div>\n\t\t\t\t\t\t\t<\/div>\n\t\t<\/section>\n\t\t\t\t<section class=\"elementor-section elementor-inner-section elementor-element elementor-element-ab50b50 elementor-section-boxed elementor-section-height-default elementor-section-height-default\" data-id=\"ab50b50\" data-element_type=\"section\">\n\t\t\t\t\t\t<div class=\"elementor-container elementor-column-gap-default\">\n\t\t\t\t\t<div class=\"elementor-column elementor-col-33 elementor-inner-column elementor-element elementor-element-3fa10b7\" data-id=\"3fa10b7\" data-element_type=\"column\">\n\t\t\t<div class=\"elementor-widget-wrap\">\n\t\t\t\t\t\t\t\t\t<\/div>\n\t\t<\/div>\n\t\t\t\t<div class=\"elementor-column elementor-col-33 elementor-inner-column elementor-element elementor-element-e441d13\" data-id=\"e441d13\" data-element_type=\"column\">\n\t\t\t<div class=\"elementor-widget-wrap elementor-element-populated\">\n\t\t\t\t\t\t\t\t<div class=\"elementor-element elementor-element-488b49dd elementor-widget elementor-widget-heading\" data-id=\"488b49dd\" data-element_type=\"widget\" data-widget_type=\"heading.default\">\n\t\t\t\t<div class=\"elementor-widget-container\">\n\t\t\t<h1 class=\"elementor-heading-title elementor-size-default\">Nous aidons les entreprises\n\u00e0 communiquer en vid\u00e9o\n<\/h1>\t\t<\/div>\n\t\t\t\t<\/div>\n\t\t\t\t<div class=\"elementor-element elementor-element-68f76ad2 elementor-widget elementor-widget-text-editor\" data-id=\"68f76ad2\" data-element_type=\"widget\" data-widget_type=\"text-editor.default\">\n\t\t\t\t<div class=\"elementor-widget-container\">\n\t\t\t\t\t\t\t<p>Partout en Europe, nous aidons les entreprises \u00e0 engager leur audience en produisant des vid\u00e9os impactantes adapt\u00e9es \u00e0 leur marque, objectif et secteur d\u2019activit\u00e9.<\/p><p>VOUS SAVEZ QUE LA VID\u00c9O C\u2019EST BIEN, MAIS VOUS N\u2019\u00caTES PAS ENCORE BIEN S\u00dbR.<br \/>NOUS VOUS LE CONFIRMONS, LE SUPPORT VID\u00c9O A DU POTENTIEL. <br \/>La vid\u00e9o sur YouTube, c\u2019est 4 milliards de vues par jour, 600 millions sur mobile et 6 milliards d\u2019heures visionn\u00e9es par mois. C\u2019est aussi 1 milliard de visiteurs uniques chaque mois (33% de + que Facebook) et 100h de vid\u00e9o upload\u00e9es chaque minute. (YouTube, 2013)<\/p><p>IL EST PRIMORDIAL DE DISPOSER DE CONTENU DE QUALIT\u00c9 POUR ATTIRER VOTRE AUDIENCE ! LES VIDEONAUTES SONT DE PLUS EN PLUS NOMBREUX, MAIS LEUR ATTENTION EST DEVENUE UNE RESSOURCE RARE. SOYEZ EXIGEANT, CAR VOTRE PUBLIC, LUI, L\u2019EST D\u00c9J\u00c0.<\/p>\t\t\t\t\t\t<\/div>\n\t\t\t\t<\/div>\n\t\t\t\t\t<\/div>\n\t\t<\/div>\n\t\t\t\t<div class=\"elementor-column elementor-col-33 elementor-inner-column elementor-element elementor-element-4e45700\" data-id=\"4e45700\" data-element_type=\"column\">\n\t\t\t<div class=\"elementor-widget-wrap\">\n\t\t\t\t\t\t\t\t\t<\/div>\n\t\t<\/div>\n\t\t\t\t\t\t\t<\/div>\n\t\t<\/section>\n\t\t\t\t\t<\/div>\n\t\t<\/div>\n\t\t\t\t\t\t\t<\/div>\n\t\t<\/section>\n\t\t\t\t<section class=\"elementor-section elementor-top-section elementor-element elementor-element-8f9a6e1 elementor-section-boxed elementor-section-height-default elementor-section-height-default\" data-id=\"8f9a6e1\" data-element_type=\"section\" data-settings=\"{&quot;background_background&quot;:&quot;classic&quot;}\">\n\t\t\t\t\t\t<div class=\"elementor-container elementor-column-gap-default\">\n\t\t\t\t\t<div class=\"elementor-column elementor-col-50 elementor-top-column elementor-element elementor-element-36e6a086\" data-id=\"36e6a086\" data-element_type=\"column\">\n\t\t\t<div class=\"elementor-widget-wrap elementor-element-populated\">\n\t\t\t\t\t\t\t\t<section class=\"elementor-section elementor-inner-section elementor-element elementor-element-70725d13 elementor-section-boxed elementor-section-height-default elementor-section-height-default\" data-id=\"70725d13\" data-element_type=\"section\">\n\t\t\t\t\t\t<div class=\"elementor-container elementor-column-gap-default\">\n\t\t\t\t\t<div class=\"elementor-column elementor-col-50 elementor-inner-column elementor-element elementor-element-33805642\" data-id=\"33805642\" data-element_type=\"column\">\n\t\t\t<div class=\"elementor-widget-wrap elementor-element-populated\">\n\t\t\t\t\t\t\t\t<div class=\"elementor-element elementor-element-35affec0 elementor-widget elementor-widget-heading\" data-id=\"35affec0\" data-element_type=\"widget\" data-widget_type=\"heading.default\">\n\t\t\t\t<div class=\"elementor-widget-container\">\n\t\t\t<h2 class=\"elementor-heading-title elementor-size-default\">Contactez nous <\/h2>\t\t<\/div>\n\t\t\t\t<\/div>\n\t\t\t\t\t<\/div>\n\t\t<\/div>\n\t\t\t\t<div class=\"elementor-column elementor-col-50 elementor-inner-column elementor-element elementor-element-172225ab\" data-id=\"172225ab\" data-element_type=\"column\">\n\t\t\t<div class=\"elementor-widget-wrap elementor-element-populated\">\n\t\t\t\t\t\t\t\t<div class=\"elementor-element elementor-element-73a2ce39 elementor-widget-divider--view-line elementor-widget elementor-widget-divider\" data-id=\"73a2ce39\" data-element_type=\"widget\" data-widget_type=\"divider.default\">\n\t\t\t\t<div class=\"elementor-widget-container\">\n\t\t\t\t\t<div class=\"elementor-divider\">\n\t\t\t<span class=\"elementor-divider-separator\">\n\t\t\t\t\t\t<\/span>\n\t\t<\/div>\n\t\t\t\t<\/div>\n\t\t\t\t<\/div>\n\t\t\t\t\t<\/div>\n\t\t<\/div>\n\t\t\t\t\t\t\t<\/div>\n\t\t<\/section>\n\t\t\t\t<div class=\"elementor-element elementor-element-6b5f1310 elementor-widget elementor-widget-text-editor\" data-id=\"6b5f1310\" data-element_type=\"widget\" data-widget_type=\"text-editor.default\">\n\t\t\t\t<div class=\"elementor-widget-container\">\n\t\t\t\t\t\t\t<p>Vous souhaitez obtenir plus d&rsquo;informations sur nos services ou discuter de vos besoins avec nous ?<br \/>Envoyer-nous un message maintenant&#8230;<\/p>\t\t\t\t\t\t<\/div>\n\t\t\t\t<\/div>\n\t\t\t\t\t<\/div>\n\t\t<\/div>\n\t\t\t\t<div class=\"elementor-column elementor-col-50 elementor-top-column elementor-element elementor-element-20eeb577\" data-id=\"20eeb577\" data-element_type=\"column\" data-settings=\"{&quot;background_background&quot;:&quot;classic&quot;}\">\n\t\t\t<div class=\"elementor-widget-wrap elementor-element-populated\">\n\t\t\t\t\t\t\t\t<div class=\"elementor-element elementor-element-41e91304 elementor-widget elementor-widget-wpforms\" data-id=\"41e91304\" data-element_type=\"widget\" data-widget_type=\"wpforms.default\">\n\t\t\t\t<div class=\"elementor-widget-container\">\n\t\t\t<div class=\"wpforms-container \" id=\"wpforms-707\"><form id=\"wpforms-form-707\" class=\"wpforms-validate wpforms-form\" data-formid=\"707\" method=\"post\" enctype=\"multipart\/form-data\" action=\"\/wp\/wp-json\/wp\/v2\/pages\/1277\" data-token=\"56d420daa4f3e5bfdeb4389e944e8d19\"><noscript class=\"wpforms-error-noscript\">Veuillez activer JavaScript dans votre navigateur pour remplir ce formulaire.<\/noscript><div class=\"wpforms-field-container\"><div id=\"wpforms-707-field_0-container\" class=\"wpforms-field wpforms-field-name\" data-field-id=\"0\"><label class=\"wpforms-field-label wpforms-label-hide\" for=\"wpforms-707-field_0\">Name <span class=\"wpforms-required-label\">*<\/span><\/label><input type=\"text\" id=\"wpforms-707-field_0\" class=\"wpforms-field-large wpforms-field-required\" name=\"wpforms[fields][0]\" placeholder=\"NAME\" required><\/div><div id=\"wpforms-707-field_5-container\" class=\"wpforms-field wpforms-field-text\" data-field-id=\"5\"><label class=\"wpforms-field-label wpforms-label-hide\" for=\"wpforms-707-field_5\">Single Line Text<\/label><input type=\"text\" id=\"wpforms-707-field_5\" class=\"wpforms-field-large\" name=\"wpforms[fields][5]\" placeholder=\"SUBJECT\" ><\/div><div id=\"wpforms-707-field_4-container\" class=\"wpforms-field wpforms-field-email\" data-field-id=\"4\"><label class=\"wpforms-field-label wpforms-label-hide\" for=\"wpforms-707-field_4\">Email <span class=\"wpforms-required-label\">*<\/span><\/label><input type=\"email\" id=\"wpforms-707-field_4\" class=\"wpforms-field-large wpforms-field-required\" name=\"wpforms[fields][4]\" placeholder=\"EMAIL\" required><\/div><div id=\"wpforms-707-field_2-container\" class=\"wpforms-field wpforms-field-textarea\" data-field-id=\"2\"><label class=\"wpforms-field-label wpforms-label-hide\" for=\"wpforms-707-field_2\">Comment or Message <span class=\"wpforms-required-label\">*<\/span><\/label><textarea id=\"wpforms-707-field_2\" class=\"wpforms-field-large wpforms-field-required\" name=\"wpforms[fields][2]\" placeholder=\"MESSAGE\" required><\/textarea><\/div><\/div><div class=\"wpforms-field wpforms-field-hp\"><label for=\"wpforms-707-field-hp\" class=\"wpforms-field-label\">Email<\/label><input type=\"text\" name=\"wpforms[hp]\" id=\"wpforms-707-field-hp\" class=\"wpforms-field-medium\"><\/div><div class=\"wpforms-submit-container\" ><input type=\"hidden\" name=\"wpforms[id]\" value=\"707\"><input type=\"hidden\" name=\"wpforms[author]\" value=\"1\"><button type=\"submit\" name=\"wpforms[submit]\" class=\"wpforms-submit \" id=\"wpforms-submit-707\" value=\"wpforms-submit\" aria-live=\"assertive\" data-alt-text=\"Sending...\" data-submit-text=\"Send Message\">Send Message<\/button><\/div><\/form><\/div>  <!-- .wpforms-container -->\t\t<\/div>\n\t\t\t\t<\/div>\n\t\t\t\t\t<\/div>\n\t\t<\/div>\n\t\t\t\t\t\t\t<\/div>\n\t\t<\/section>\n\t\t\t\t\t\t<\/div>\n\t\t\t\t\t<\/div>\n\t\t","protected":false},"excerpt":{"rendered":"<p>Nous aidons les entreprises \u00e0 communiquer en vid\u00e9o Partout en Europe, nous aidons les entreprises \u00e0 engager leur audience en produisant des vid\u00e9os impactantes adapt\u00e9es \u00e0 leur marque, objectif et secteur d\u2019activit\u00e9. VOUS SAVEZ QUE LA VID\u00c9O C\u2019EST BIEN, MAIS VOUS N\u2019\u00caTES PAS ENCORE BIEN S\u00dbR.NOUS VOUS LE CONFIRMONS, LE SUPPORT VID\u00c9O A DU POTENTIEL. &hellip;<\/p>\n<p class=\"read-more\"> <a class=\"\" href=\"https:\/\/plume.ma\/wp\/production-video-photo\/\"> <span class=\"screen-reader-text\">production video &#038; photo<\/span> Lire la suite\u00a0\u00bb<\/a><\/p>\n","protected":false},"author":1,"featured_media":0,"parent":0,"menu_order":0,"comment_status":"closed","ping_status":"closed","template":"","meta":{"footnotes":""},"_links":{"self":[{"href":"https:\/\/plume.ma\/wp\/wp-json\/wp\/v2\/pages\/1277"}],"collection":[{"href":"https:\/\/plume.ma\/wp\/wp-json\/wp\/v2\/pages"}],"about":[{"href":"https:\/\/plume.ma\/wp\/wp-json\/wp\/v2\/types\/page"}],"author":[{"embeddable":true,"href":"https:\/\/plume.ma\/wp\/wp-json\/wp\/v2\/users\/1"}],"replies":[{"embeddable":true,"href":"https:\/\/plume.ma\/wp\/wp-json\/wp\/v2\/comments?post=1277"}],"version-history":[{"count":19,"href":"https:\/\/plume.ma\/wp\/wp-json\/wp\/v2\/pages\/1277\/revisions"}],"predecessor-version":[{"id":1431,"href":"https:\/\/plume.ma\/wp\/wp-json\/wp\/v2\/pages\/1277\/revisions\/1431"}],"wp:attachment":[{"href":"https:\/\/plume.ma\/wp\/wp-json\/wp\/v2\/media?parent=1277"}],"curies":[{"name":"wp","href":"https:\/\/api.w.org\/{rel}","templated":true}]}}